{"id":10,"date":"2024-09-06T09:10:50","date_gmt":"2024-09-06T09:10:50","guid":{"rendered":"https:\/\/www.studiocatalini.it\/?page_id=10"},"modified":"2024-09-06T09:24:59","modified_gmt":"2024-09-06T09:24:59","slug":"servizi","status":"publish","type":"page","link":"https:\/\/www.studiocatalini.it\/?page_id=10","title":{"rendered":"Servizi"},"content":{"rendered":"\n<div class=\"wp-block-group alignfull has-accent-background-color has-background has-global-padding is-layout-constrained wp-container-core-group-is-layout-669513ed wp-block-group-is-layout-constrained\" style=\"margin-top:0;margin-bottom:0;padding-top:var(--wp--preset--spacing--50);padding-right:var(--wp--preset--spacing--50);padding-bottom:var(--wp--preset--spacing--50);padding-left:var(--wp--preset--spacing--50)\">\n<div class=\"wp-block-columns alignwide is-layout-flex wp-container-core-columns-is-layout-1da03c2a wp-block-columns-is-layout-flex\">\n<div class=\"wp-block-column is-vertically-aligned-stretch is-layout-flow wp-block-column-is-layout-flow\" style=\"flex-basis:50%\">\n<div class=\"wp-block-group is-vertical is-content-justification-stretch is-layout-flex wp-container-core-group-is-layout-444d5ee8 wp-block-group-is-layout-flex\" style=\"min-height:100%\">\n<p class=\"has-heading-font-family has-x-large-font-size\" style=\"line-height:1.2\">Il vero plusvalore ed il\u00a0 vantaggio offerto dallo<em><strong>\u00a0Studio Catalini &amp; Ubaldi<\/strong><\/em>\u00a0consiste nella costante e puntuale presenza del professionista all\u2019interno dello studio<\/p>\n<\/div>\n<\/div>\n\n\n\n<div class=\"wp-block-column is-vertically-aligned-center is-layout-flow wp-block-column-is-layout-flow\" style=\"flex-basis:50%\">\n<figure class=\"wp-block-image size-large is-style-rounded is-style-rounded--1\"><img loading=\"lazy\" decoding=\"async\" width=\"1024\" height=\"684\" src=\"https:\/\/www.studiocatalini.it\/wp-content\/uploads\/2024\/09\/scott-graham-5fNmWej4tAA-unsplash-1024x684.jpg\" alt=\"\" class=\"wp-image-15\" style=\"aspect-ratio:3\/4;object-fit:cover\" srcset=\"https:\/\/www.studiocatalini.it\/wp-content\/uploads\/2024\/09\/scott-graham-5fNmWej4tAA-unsplash-1024x684.jpg 1024w, https:\/\/www.studiocatalini.it\/wp-content\/uploads\/2024\/09\/scott-graham-5fNmWej4tAA-unsplash-300x200.jpg 300w, https:\/\/www.studiocatalini.it\/wp-content\/uploads\/2024\/09\/scott-graham-5fNmWej4tAA-unsplash-768x513.jpg 768w, https:\/\/www.studiocatalini.it\/wp-content\/uploads\/2024\/09\/scott-graham-5fNmWej4tAA-unsplash-1536x1025.jpg 1536w, https:\/\/www.studiocatalini.it\/wp-content\/uploads\/2024\/09\/scott-graham-5fNmWej4tAA-unsplash.jpg 2000w\" sizes=\"auto, (max-width: 1024px) 100vw, 1024px\" \/><\/figure>\n<\/div>\n<\/div>\n<\/div>\n\n\n\n<div class=\"wp-block-group alignfull has-base-background-color has-background has-global-padding is-layout-constrained wp-container-core-group-is-layout-d89aad35 wp-block-group-is-layout-constrained\" style=\"margin-top:0;margin-bottom:0;padding-top:var(--wp--preset--spacing--50);padding-right:var(--wp--preset--spacing--50);padding-bottom:var(--wp--preset--spacing--50);padding-left:var(--wp--preset--spacing--50)\">\n<div class=\"wp-block-columns alignwide is-layout-flex wp-container-core-columns-is-layout-549b0c86 wp-block-columns-is-layout-flex\">\n<div class=\"wp-block-column has-global-padding is-content-justification-left is-layout-constrained wp-container-core-column-is-layout-4f15e8fe wp-block-column-is-layout-constrained\" style=\"flex-basis:40%\">\n<p><\/p>\n<\/div>\n\n\n\n<div class=\"wp-block-column is-layout-flow wp-container-core-column-is-layout-119bc444 wp-block-column-is-layout-flow\" style=\"flex-basis:60%\">\n<p class=\"has-heading-font-family has-x-large-font-size\" style=\"line-height:1.2\">Area aziendale<\/p>\n\n\n\n<div class=\"wp-block-columns is-layout-flex wp-container-core-columns-is-layout-87beb0d0 wp-block-columns-is-layout-flex\">\n<div class=\"wp-block-column is-layout-flow wp-block-column-is-layout-flow\">\n<p class=\"wp-container-content-9cfa9a5a\">Formazione del bilancio e relazione tecnica illustrativa di societ\u00e0 di capitali, di persone e di imprese individuali.<\/p>\n\n\n\n<p>Analisi di bilanci, indici e flussi, analisi del profilo organizzativo e delle diverse forme di finanziamento: mutui,<br>prestiti obbligazionari, debiti bancari, leasing, factoring, etc..<\/p>\n\n\n\n<p>Impianto e tenuta di contabilit\u00e0, ispezioni e revisioni amministrative e contabili per il riordino della contabilit\u00e0<br>nonch\u00e9 l\u2019accertamento dell\u2019attendibilit\u00e0 dei bilanci<\/p>\n\n\n\n<p class=\"wp-container-content-9cfa9a5a\"><\/p>\n<\/div>\n\n\n\n<div class=\"wp-block-column is-layout-flow wp-block-column-is-layout-flow\">\n<p>Valutazione di aziende, rami di azienda e patrimoni, di partecipazioni in societ\u00e0 di persone o di capitali.<br>Amministrazione di aziende e di patrimoni. Selezione del personale amministrativo. Liquidazione di aziende individuali e collettive.<\/p>\n<\/div>\n<\/div>\n<\/div>\n<\/div>\n<\/div>\n\n\n\n<div class=\"wp-block-group alignfull has-base-2-background-color has-background has-global-padding is-layout-constrained wp-container-core-group-is-layout-d89aad35 wp-block-group-is-layout-constrained\" style=\"margin-top:0;margin-bottom:0;padding-top:var(--wp--preset--spacing--50);padding-right:var(--wp--preset--spacing--50);padding-bottom:var(--wp--preset--spacing--50);padding-left:var(--wp--preset--spacing--50)\">\n<div class=\"wp-block-columns alignwide is-layout-flex wp-container-core-columns-is-layout-549b0c86 wp-block-columns-is-layout-flex\">\n<div class=\"wp-block-column is-layout-flow wp-container-core-column-is-layout-119bc444 wp-block-column-is-layout-flow\" style=\"flex-basis:60%\">\n<p class=\"has-heading-font-family has-x-large-font-size\" style=\"line-height:1.2\">Area contrattuale<\/p>\n\n\n\n<div class=\"wp-block-columns is-layout-flex wp-container-core-columns-is-layout-87beb0d0 wp-block-columns-is-layout-flex\">\n<div class=\"wp-block-column is-layout-flow wp-block-column-is-layout-flow\">\n<p class=\"wp-container-content-9cfa9a5a\">Assistenza nella costituzione di enti sociali, aumenti di capitale sociale ed emissione di prestiti obbligazionari.<\/p>\n\n\n\n<p>Trasformazioni, fusioni e scissioni di societ\u00e0. Concentrazioni e scorpori di aziende.<\/p>\n\n\n\n<p>Concordati stragiudiziali e componimenti amichevoli fra i soci o con i creditori dell\u2019azienda.<\/p>\n\n\n\n<p><\/p>\n\n\n\n<p class=\"wp-container-content-9cfa9a5a\"><\/p>\n<\/div>\n\n\n\n<div class=\"wp-block-column is-layout-flow wp-block-column-is-layout-flow\">\n<p>Trattazione e stipulazione di contratti, anche transattivi, redazione di atti, scritture private, preliminari relativi<br>all\u2019acquisto, alla vendita o alla permuta di aziende, di quote di partecipazione, di azioni, di patrimoni, di singoli beni.<br>Assistenza nel recesso ed esclusione di soci.<\/p>\n<\/div>\n<\/div>\n<\/div>\n\n\n\n<div class=\"wp-block-column has-global-padding is-content-justification-left is-layout-constrained wp-container-core-column-is-layout-4f15e8fe wp-block-column-is-layout-constrained\" style=\"flex-basis:40%\">\n<p><\/p>\n<\/div>\n<\/div>\n<\/div>\n\n\n\n<div class=\"wp-block-group alignfull has-base-background-color has-background has-global-padding is-layout-constrained wp-container-core-group-is-layout-d89aad35 wp-block-group-is-layout-constrained\" style=\"margin-top:0;margin-bottom:0;padding-top:var(--wp--preset--spacing--50);padding-right:var(--wp--preset--spacing--50);padding-bottom:var(--wp--preset--spacing--50);padding-left:var(--wp--preset--spacing--50)\">\n<div class=\"wp-block-columns alignwide is-layout-flex wp-container-core-columns-is-layout-549b0c86 wp-block-columns-is-layout-flex\">\n<div class=\"wp-block-column has-global-padding is-content-justification-left is-layout-constrained wp-container-core-column-is-layout-4f15e8fe wp-block-column-is-layout-constrained\" style=\"flex-basis:40%\">\n<p><\/p>\n<\/div>\n\n\n\n<div class=\"wp-block-column is-layout-flow wp-container-core-column-is-layout-119bc444 wp-block-column-is-layout-flow\" style=\"flex-basis:60%\">\n<p class=\"has-heading-font-family has-x-large-font-size\" style=\"line-height:1.2\">Area tributaria<\/p>\n\n\n\n<div class=\"wp-block-columns is-layout-flex wp-container-core-columns-is-layout-87beb0d0 wp-block-columns-is-layout-flex\">\n<div class=\"wp-block-column is-layout-flow wp-block-column-is-layout-flow\">\n<p class=\"wp-container-content-9cfa9a5a\">Predisposizione di dichiarazione dei redditi, dichiarazioni IVA, di successione, INVIM, ricorsi, appelli, memorie alle<br>commissioni tributarie, denunce, esposti, istanze, risposte a questionari indirizzati ad uffici finanziari.<\/p>\n\n\n\n<p>Intervento personale in rappresentanza del cliente presso gli uffici tributari e le commissioni tributarie provinciali<br>e regionali.<\/p>\n\n\n\n<p><\/p>\n\n\n\n<p class=\"wp-container-content-9cfa9a5a\"><\/p>\n<\/div>\n\n\n\n<div class=\"wp-block-column is-layout-flow wp-block-column-is-layout-flow\">\n<p>Consulenza tributaria in materia di imposte dirette e indirette con formazione di pareri scritti.<\/p>\n\n\n\n<p>Cessione di crediti verso l\u2019erario, check-up fiscali.<\/p>\n<\/div>\n<\/div>\n<\/div>\n<\/div>\n<\/div>\n\n\n\n<div class=\"wp-block-group alignfull has-base-2-background-color has-background has-global-padding is-layout-constrained wp-container-core-group-is-layout-d89aad35 wp-block-group-is-layout-constrained\" style=\"margin-top:0;margin-bottom:0;padding-top:var(--wp--preset--spacing--50);padding-right:var(--wp--preset--spacing--50);padding-bottom:var(--wp--preset--spacing--50);padding-left:var(--wp--preset--spacing--50)\">\n<div class=\"wp-block-columns alignwide is-layout-flex wp-container-core-columns-is-layout-549b0c86 wp-block-columns-is-layout-flex\">\n<div class=\"wp-block-column is-layout-flow wp-container-core-column-is-layout-119bc444 wp-block-column-is-layout-flow\" style=\"flex-basis:60%\">\n<p class=\"has-heading-font-family has-x-large-font-size\" style=\"line-height:1.2\">Area civile<\/p>\n\n\n\n<div class=\"wp-block-columns is-layout-flex wp-container-core-columns-is-layout-87beb0d0 wp-block-columns-is-layout-flex\">\n<div class=\"wp-block-column is-layout-flow wp-block-column-is-layout-flow\">\n<p class=\"wp-container-content-9cfa9a5a\">Consulenze tecniche di parte, perizie e motivati pareri avanti le autorit\u00e0 giudiziarie, amministrative e finanziarie,<br>enti arbitri e periti.<\/p>\n\n\n\n<p>Assistenza nella presentazione di domande di fallimento, concordato preventivo ed amministrazione controllata. Istanza<br>di ammissione del credito allo stato passivo fallimentare<\/p>\n\n\n\n<p><\/p>\n\n\n\n<p class=\"wp-container-content-9cfa9a5a\"><\/p>\n<\/div>\n\n\n\n<div class=\"wp-block-column is-layout-flow wp-block-column-is-layout-flow\">\n<p>Funzioni di sindaco nelle societ\u00e0 e di revisore negli enti pubblici. Funzioni di arbitro unico o di membro del Collegio<br>Arbitrale.<\/p>\n<\/div>\n<\/div>\n<\/div>\n\n\n\n<div class=\"wp-block-column has-global-padding is-content-justification-left is-layout-constrained wp-container-core-column-is-layout-4f15e8fe wp-block-column-is-layout-constrained\" style=\"flex-basis:40%\">\n<p><\/p>\n<\/div>\n<\/div>\n<\/div>\n\n\n\n<div class=\"wp-block-group alignfull has-base-background-color has-background has-global-padding is-layout-constrained wp-container-core-group-is-layout-d89aad35 wp-block-group-is-layout-constrained\" style=\"margin-top:0;margin-bottom:0;padding-top:var(--wp--preset--spacing--50);padding-right:var(--wp--preset--spacing--50);padding-bottom:var(--wp--preset--spacing--50);padding-left:var(--wp--preset--spacing--50)\">\n<div class=\"wp-block-columns alignwide is-layout-flex wp-container-core-columns-is-layout-549b0c86 wp-block-columns-is-layout-flex\">\n<div class=\"wp-block-column has-global-padding is-content-justification-left is-layout-constrained wp-container-core-column-is-layout-4f15e8fe wp-block-column-is-layout-constrained\" style=\"flex-basis:40%\">\n<p><\/p>\n<\/div>\n\n\n\n<div class=\"wp-block-column is-layout-flow wp-container-core-column-is-layout-119bc444 wp-block-column-is-layout-flow\" style=\"flex-basis:60%\">\n<p class=\"has-heading-font-family has-x-large-font-size\" style=\"line-height:1.2\">Area civile<\/p>\n\n\n\n<div class=\"wp-block-columns is-layout-flex wp-container-core-columns-is-layout-87beb0d0 wp-block-columns-is-layout-flex\">\n<div class=\"wp-block-column is-layout-flow wp-block-column-is-layout-flow\">\n<p class=\"wp-container-content-9cfa9a5a\">Richiesta alle C.C.I.A.A. di tutto il territorio nazionale di visure, certificati, assetti patrimoniali, bilanci ottivi,<br>atti vari.<\/p>\n\n\n\n<p>Deposito di bilanci presso il registro delle imprese.<\/p>\n\n\n\n<p>Vidimazione dei libri sociali e dei registri fiscali.<\/p>\n\n\n\n<p>Deposito e ritiro di atti presso il tribunale di Ascoli Piceno.<\/p>\n\n\n\n<p><\/p>\n\n\n\n<p class=\"wp-container-content-9cfa9a5a\"><\/p>\n<\/div>\n\n\n\n<div class=\"wp-block-column is-layout-flow wp-block-column-is-layout-flow\">\n<p>Compilazione e deposito della modulistica per variazioni delle cariche sociali e ai fini IVA.<\/p>\n\n\n\n<p>Iscrizioni e variazioni alle gestioni separate commercianti e artigiani presso INPS.<\/p>\n\n\n\n<p>Registrazione di atti presso l\u2019ufficio entrate.<\/p>\n\n\n\n<p>Trasmissione telematica dichiarazioni fiscali.<\/p>\n\n\n\n<p>Predisposizione delle deleghe di pagamento tributi e pagamento degli stessi presso gli istituti di credito autorizzati.<\/p>\n<\/div>\n<\/div>\n<\/div>\n<\/div>\n<\/div>\n\n\n\n<div class=\"wp-block-group alignfull has-global-padding is-layout-constrained wp-container-core-group-is-layout-d89aad35 wp-block-group-is-layout-constrained\" style=\"margin-top:0;margin-bottom:0;padding-top:var(--wp--preset--spacing--50);padding-right:var(--wp--preset--spacing--50);padding-bottom:var(--wp--preset--spacing--50);padding-left:var(--wp--preset--spacing--50)\"><\/div>\n","protected":false},"excerpt":{"rendered":"<p>Il vero plusvalore ed il\u00a0 vantaggio offerto dallo\u00a0Studio Catalini &amp; Ubaldi\u00a0consiste nella costante e puntuale presenza del professionista all\u2019interno dello studio Area aziendale Formazione del bilancio e relazione tecnica illustrativa di societ\u00e0 di capitali, di persone e di imprese individuali. Analisi di bilanci, indici e flussi, analisi del profilo organizzativo e delle diverse forme di [&hellip;]<\/p>\n","protected":false},"author":1,"featured_media":0,"parent":0,"menu_order":0,"comment_status":"closed","ping_status":"closed","template":"","meta":{"footnotes":""},"class_list":["post-10","page","type-page","status-publish","hentry"],"_links":{"self":[{"href":"https:\/\/www.studiocatalini.it\/index.php?rest_route=\/wp\/v2\/pages\/10","targetHints":{"allow":["GET"]}}],"collection":[{"href":"https:\/\/www.studiocatalini.it\/index.php?rest_route=\/wp\/v2\/pages"}],"about":[{"href":"https:\/\/www.studiocatalini.it\/index.php?rest_route=\/wp\/v2\/types\/page"}],"author":[{"embeddable":true,"href":"https:\/\/www.studiocatalini.it\/index.php?rest_route=\/wp\/v2\/users\/1"}],"replies":[{"embeddable":true,"href":"https:\/\/www.studiocatalini.it\/index.php?rest_route=%2Fwp%2Fv2%2Fcomments&post=10"}],"version-history":[{"count":5,"href":"https:\/\/www.studiocatalini.it\/index.php?rest_route=\/wp\/v2\/pages\/10\/revisions"}],"predecessor-version":[{"id":16,"href":"https:\/\/www.studiocatalini.it\/index.php?rest_route=\/wp\/v2\/pages\/10\/revisions\/16"}],"wp:attachment":[{"href":"https:\/\/www.studiocatalini.it\/index.php?rest_route=%2Fwp%2Fv2%2Fmedia&parent=10"}],"curies":[{"name":"wp","href":"https:\/\/api.w.org\/{rel}","templated":true}]}}